{"id":3669,"date":"2025-11-19T11:30:41","date_gmt":"2025-11-19T18:30:41","guid":{"rendered":"https:\/\/tbirdauto.co\/?page_id=3669"},"modified":"2025-11-19T11:34:14","modified_gmt":"2025-11-19T18:34:14","slug":"cookie-policy","status":"publish","type":"page","link":"https:\/\/tbirdauto.co\/es\/cookie-policy\/","title":{"rendered":"Pol\u00edtica de cookies"},"content":{"rendered":"<div data-elementor-type=\"wp-page\" data-elementor-id=\"3669\" class=\"elementor elementor-3669\" data-elementor-post-type=\"page\">\n\t\t\t\t<div class=\"elementor-element elementor-element-4dc2a7e e-flex e-con-boxed e-con e-parent\" data-id=\"4dc2a7e\" data-element_type=\"container\" data-e-type=\"container\">\n\t\t\t\t\t<div class=\"e-con-inner\">\n\t\t\t\t<div class=\"elementor-element elementor-element-ef0f6ae elementor-widget elementor-widget-shortcode\" data-id=\"ef0f6ae\" data-element_type=\"widget\" data-e-type=\"widget\" data-widget_type=\"shortcode.default\">\n\t\t\t\t\t\t<div class=\"elementor-widget-container\">\n\t\t\t\t\t\t\t<div class=\"elementor-shortcode\"><div class=\"wpconsent-cookie-policy\"><h2 class=\"wpconsent-cookie-category-name\">Esencial<\/h2><p class=\"wpconsent-cookie-category-description\">Las cookies esenciales permiten el funcionamiento b\u00e1sico y son necesarias para el correcto funcionamiento del sitio web.<\/p><table class=\"wpconsent-cookie-policy-table\"><tr><th>Nombre<\/th><th>Descripci\u00f3n<\/th><th>Duraci\u00f3n<\/th><\/tr><tr><td>wpconsent_preferences<\/td><td>This cookie is used to store the user&#039;s cookie consent preferences.<\/td><td>30 d\u00edas<\/td><\/tr><\/table><h3 class=\"wpconsent-cookie-service-name\">CloudFlare<\/h3><p class=\"wpconsent-cookie-service-description\">CloudFlare ofrece soluciones de rendimiento y seguridad web, mejorando la velocidad de los sitios y protegi\u00e9ndolos contra amenazas.<\/p><a href=\"https:\/\/developers.cloudflare.com\/fundamentals\/reference\/policies-compliances\/cloudflare-cookies\/\">Learn more<\/a><table class=\"wpconsent-cookie-policy-table\"><tr><th>Nombre<\/th><th>Descripci\u00f3n<\/th><th>Duraci\u00f3n<\/th><\/tr><tr><td>cf_use_ob<\/td><td>La cookie cf_use_ob le dice a Cloudflare que busque el recurso solicitado en la cach\u00e9 Always Online en el puerto designado. Los valores aplicables son: 0, 80 y 443. Las cookies cf_ob_info y cf_use_ob son cookies persistentes que caducan despu\u00e9s de 30 segundos.<\/td><td>sesi\u00f3n<\/td><\/tr><tr><td>__cfwaitingroom<\/td><td>La cookie __cfwaitingroom solo se utiliza para rastrear a los visitantes que acceden a una combinaci\u00f3n de host y ruta habilitada para la sala de espera de una zona. Los visitantes que utilicen un navegador que no acepte cookies no podr\u00e1n visitar la combinaci\u00f3n de host y ruta mientras la sala de espera est\u00e9 activa.<\/td><td>sesi\u00f3n<\/td><\/tr><tr><td>cf_chl_rc_i<\/td><td>Estas cookies son para uso interno y permiten a Cloudflare identificar problemas de producci\u00f3n en los clientes.<\/td><td>sesi\u00f3n<\/td><\/tr><tr><td>cf_chl_rc_ni<\/td><td>Estas cookies son para uso interno y permiten a Cloudflare identificar problemas de producci\u00f3n en los clientes.<\/td><td>sesi\u00f3n<\/td><\/tr><tr><td>cf_chl_rc_m<\/td><td>Estas cookies son para uso interno y permiten a Cloudflare identificar problemas de producci\u00f3n en los clientes.<\/td><td>sesi\u00f3n<\/td><\/tr><tr><td>__cfruid<\/td><td>Utilizado por la red de contenido Cloudflare para identificar el tr\u00e1fico web confiable.<\/td><td>sesi\u00f3n<\/td><\/tr><tr><td>__cf_bm<\/td><td>Cloudflare&#039;s bot products identify and mitigate automated traffic to protect your site from bad bots. Cloudflare places the __cf_bm cookie on End User devices that access Customer sites that are protected by Bot Management or Bot Fight Mode. The __cf_bm cookie is necessary for the proper functioning of these bot solutions.<\/td><td>sesi\u00f3n<\/td><\/tr><tr><td>__cflb<\/td><td>Al habilitar la afinidad de sesi\u00f3n con Cloudflare Load Balancer, Cloudflare establece una cookie __cflb con un valor \u00fanico en la primera respuesta al cliente solicitante. Cloudflare enruta las solicitudes futuras al mismo origen, optimizando el uso de los recursos de red. En caso de conmutaci\u00f3n por error, Cloudflare establece una nueva cookie __cflb para dirigir las solicitudes futuras al grupo de conmutaci\u00f3n por error.<\/td><td>sesi\u00f3n<\/td><\/tr><tr><td>_cfuvid<\/td><td>La cookie _cfuvid solo se establece cuando un sitio utiliza esta opci\u00f3n en una regla de limitaci\u00f3n de velocidad, y solo se utiliza para permitir que Cloudflare WAF distinga a los usuarios individuales que comparten la misma direcci\u00f3n IP.<\/td><td>sesi\u00f3n<\/td><\/tr><tr><td>cf_clearance<\/td><td>Si se ha resuelto un desaf\u00edo CAPTCHA o Javascript.<\/td><td>sesi\u00f3n<\/td><\/tr><tr><td>__cfseq<\/td><td>Las reglas de secuencia utilizan cookies para rastrear el orden de las solicitudes que ha realizado un usuario y el tiempo transcurrido entre ellas, y las ponen a disposici\u00f3n a trav\u00e9s de Cloudflare Rules. Esto le permite escribir reglas que coincidan con secuencias v\u00e1lidas o no v\u00e1lidas. Las cookies espec\u00edficas que se utilizan para validar secuencias se denominan cookies de secuencia.<\/td><td>sesi\u00f3n<\/td><\/tr><tr><td>cf_ob_info<\/td><td>La cookie cf_ob_info proporciona informaci\u00f3n sobre: El c\u00f3digo de estado HTTP devuelto por el servidor web de origen. El Ray ID de la solicitud original fallida. El centro de datos que atiende el tr\u00e1fico.<\/td><td>sesi\u00f3n<\/td><\/tr><\/table><h3 class=\"wpconsent-cookie-service-name\">WPForms<\/h3><p class=\"wpconsent-cookie-service-description\">WPForms es un plugin de WordPress f\u00e1cil de usar para crear formularios personalizados con la funci\u00f3n de arrastrar y soltar.<\/p><table class=\"wpconsent-cookie-policy-table\"><tr><th>Nombre<\/th><th>Descripci\u00f3n<\/th><th>Duraci\u00f3n<\/th><\/tr><tr><td>wpfuuid<\/td><td>Se utiliza para rastrear las interacciones de los usuarios con los formularios.<\/td><td>11 a\u00f1os<\/td><\/tr><\/table><\/div><\/div>\n\t\t\t\t\t\t<\/div>\n\t\t\t\t<\/div>\n\t\t\t\t\t<\/div>\n\t\t\t\t<\/div>\n\t\t\t\t<\/div>","protected":false},"excerpt":{"rendered":"","protected":false},"author":1,"featured_media":0,"parent":0,"menu_order":0,"comment_status":"closed","ping_status":"closed","template":"elementor_header_footer","meta":{"site-sidebar-layout":"no-sidebar","site-content-layout":"","ast-site-content-layout":"full-width-container","site-content-style":"default","site-sidebar-style":"default","ast-global-header-display":"","ast-banner-title-visibility":"","ast-main-header-display":"","ast-hfb-above-header-display":"","ast-hfb-below-header-display":"","ast-hfb-mobile-header-display":"","site-post-title":"","ast-breadcrumbs-content":"","ast-featured-img":"disabled","footer-sml-layout":"","ast-disable-related-posts":"","theme-transparent-header-meta":"","adv-header-id-meta":"","stick-header-meta":"","header-above-stick-meta":"","header-main-stick-meta":"","header-below-stick-meta":"","astra-migrate-meta-layouts":"default","ast-page-background-enabled":"default","ast-page-background-meta":{"desktop":{"background-color":"var(--ast-global-color-4)","background-image":"","background-repeat":"repeat","background-position":"center center","background-size":"auto","background-attachment":"scroll","background-type":"","background-media":"","overlay-type":"","overlay-color":"","overlay-opacity":"","overlay-gradient":""},"tablet":{"background-color":"","background-image":"","background-repeat":"repeat","background-position":"center center","background-size":"auto","background-attachment":"scroll","background-type":"","background-media":"","overlay-type":"","overlay-color":"","overlay-opacity":"","overlay-gradient":""},"mobile":{"background-color":"","background-image":"","background-repeat":"repeat","background-position":"center center","background-size":"auto","background-attachment":"scroll","background-type":"","background-media":"","overlay-type":"","overlay-color":"","overlay-opacity":"","overlay-gradient":""}},"ast-content-background-meta":{"desktop":{"background-color":"var(--ast-global-color-5)","background-image":"","background-repeat":"repeat","background-position":"center center","background-size":"auto","background-attachment":"scroll","background-type":"","background-media":"","overlay-type":"","overlay-color":"","overlay-opacity":"","overlay-gradient":""},"tablet":{"background-color":"var(--ast-global-color-5)","background-image":"","background-repeat":"repeat","background-position":"center center","background-size":"auto","background-attachment":"scroll","background-type":"","background-media":"","overlay-type":"","overlay-color":"","overlay-opacity":"","overlay-gradient":""},"mobile":{"background-color":"var(--ast-global-color-5)","background-image":"","background-repeat":"repeat","background-position":"center center","background-size":"auto","background-attachment":"scroll","background-type":"","background-media":"","overlay-type":"","overlay-color":"","overlay-opacity":"","overlay-gradient":""}},"footnotes":""},"class_list":["post-3669","page","type-page","status-publish","hentry"],"yoast_head":"<!-- This site is optimized with the Yoast SEO plugin v27.3 - https:\/\/yoast.com\/product\/yoast-seo-wordpress\/ -->\n<title>Cookie Policy - Thunderbird Auto Repair<\/title>\n<meta name=\"robots\" content=\"index, follow, max-snippet:-1, max-image-preview:large, max-video-preview:-1\" \/>\n<link rel=\"canonical\" href=\"https:\/\/tbirdauto.co\/es\/cookie-policy\/\" \/>\n<meta property=\"og:locale\" content=\"es_MX\" \/>\n<meta property=\"og:type\" content=\"article\" \/>\n<meta property=\"og:title\" content=\"Cookie Policy - Thunderbird Auto Repair\" \/>\n<meta property=\"og:url\" content=\"https:\/\/tbirdauto.co\/es\/cookie-policy\/\" \/>\n<meta property=\"og:site_name\" content=\"Thunderbird Auto Repair\" \/>\n<meta property=\"article:modified_time\" content=\"2025-11-19T18:34:14+00:00\" \/>\n<meta name=\"twitter:card\" content=\"summary_large_image\" \/>\n<script type=\"application\/ld+json\" class=\"yoast-schema-graph\">{\"@context\":\"https:\\\/\\\/schema.org\",\"@graph\":[{\"@type\":\"WebPage\",\"@id\":\"https:\\\/\\\/tbirdauto.co\\\/cookie-policy\\\/\",\"url\":\"https:\\\/\\\/tbirdauto.co\\\/cookie-policy\\\/\",\"name\":\"Cookie Policy - Thunderbird Auto Repair\",\"isPartOf\":{\"@id\":\"https:\\\/\\\/tbirdauto.co\\\/#website\"},\"datePublished\":\"2025-11-19T18:30:41+00:00\",\"dateModified\":\"2025-11-19T18:34:14+00:00\",\"breadcrumb\":{\"@id\":\"https:\\\/\\\/tbirdauto.co\\\/cookie-policy\\\/#breadcrumb\"},\"inLanguage\":\"es\",\"potentialAction\":[{\"@type\":\"ReadAction\",\"target\":[\"https:\\\/\\\/tbirdauto.co\\\/cookie-policy\\\/\"]}]},{\"@type\":\"BreadcrumbList\",\"@id\":\"https:\\\/\\\/tbirdauto.co\\\/cookie-policy\\\/#breadcrumb\",\"itemListElement\":[{\"@type\":\"ListItem\",\"position\":1,\"name\":\"Home\",\"item\":\"https:\\\/\\\/tbirdauto.co\\\/\"},{\"@type\":\"ListItem\",\"position\":2,\"name\":\"Cookie Policy\"}]},{\"@type\":\"WebSite\",\"@id\":\"https:\\\/\\\/tbirdauto.co\\\/#website\",\"url\":\"https:\\\/\\\/tbirdauto.co\\\/\",\"name\":\"Thunderbird Auto Repair\",\"description\":\"A local El Mirage Auto Repair Garage\",\"publisher\":{\"@id\":\"https:\\\/\\\/tbirdauto.co\\\/#organization\"},\"potentialAction\":[{\"@type\":\"SearchAction\",\"target\":{\"@type\":\"EntryPoint\",\"urlTemplate\":\"https:\\\/\\\/tbirdauto.co\\\/?s={search_term_string}\"},\"query-input\":{\"@type\":\"PropertyValueSpecification\",\"valueRequired\":true,\"valueName\":\"search_term_string\"}}],\"inLanguage\":\"es\"},{\"@type\":\"Organization\",\"@id\":\"https:\\\/\\\/tbirdauto.co\\\/#organization\",\"name\":\"Thunderbird Auto Repair\",\"url\":\"https:\\\/\\\/tbirdauto.co\\\/\",\"logo\":{\"@type\":\"ImageObject\",\"inLanguage\":\"es\",\"@id\":\"https:\\\/\\\/tbirdauto.co\\\/#\\\/schema\\\/logo\\\/image\\\/\",\"url\":\"https:\\\/\\\/tbirdauto.co\\\/wp-content\\\/uploads\\\/2025\\\/03\\\/Thunderbird-Auto-Repair-LLC-\u2022-LOGO-\u2022-PNG-3.png\",\"contentUrl\":\"https:\\\/\\\/tbirdauto.co\\\/wp-content\\\/uploads\\\/2025\\\/03\\\/Thunderbird-Auto-Repair-LLC-\u2022-LOGO-\u2022-PNG-3.png\",\"width\":2063,\"height\":676,\"caption\":\"Thunderbird Auto Repair\"},\"image\":{\"@id\":\"https:\\\/\\\/tbirdauto.co\\\/#\\\/schema\\\/logo\\\/image\\\/\"}}]}<\/script>\n<!-- \/ Yoast SEO plugin. -->","yoast_head_json":{"title":"Cookie Policy - Thunderbird Auto Repair","robots":{"index":"index","follow":"follow","max-snippet":"max-snippet:-1","max-image-preview":"max-image-preview:large","max-video-preview":"max-video-preview:-1"},"canonical":"https:\/\/tbirdauto.co\/es\/cookie-policy\/","og_locale":"es_MX","og_type":"article","og_title":"Cookie Policy - Thunderbird Auto Repair","og_url":"https:\/\/tbirdauto.co\/es\/cookie-policy\/","og_site_name":"Thunderbird Auto Repair","article_modified_time":"2025-11-19T18:34:14+00:00","twitter_card":"summary_large_image","schema":{"@context":"https:\/\/schema.org","@graph":[{"@type":"WebPage","@id":"https:\/\/tbirdauto.co\/cookie-policy\/","url":"https:\/\/tbirdauto.co\/cookie-policy\/","name":"Cookie Policy - Thunderbird Auto Repair","isPartOf":{"@id":"https:\/\/tbirdauto.co\/#website"},"datePublished":"2025-11-19T18:30:41+00:00","dateModified":"2025-11-19T18:34:14+00:00","breadcrumb":{"@id":"https:\/\/tbirdauto.co\/cookie-policy\/#breadcrumb"},"inLanguage":"es","potentialAction":[{"@type":"ReadAction","target":["https:\/\/tbirdauto.co\/cookie-policy\/"]}]},{"@type":"BreadcrumbList","@id":"https:\/\/tbirdauto.co\/cookie-policy\/#breadcrumb","itemListElement":[{"@type":"ListItem","position":1,"name":"Home","item":"https:\/\/tbirdauto.co\/"},{"@type":"ListItem","position":2,"name":"Cookie Policy"}]},{"@type":"WebSite","@id":"https:\/\/tbirdauto.co\/#website","url":"https:\/\/tbirdauto.co\/","name":"Thunderbird Auto Repair","description":"A local El Mirage Auto Repair Garage","publisher":{"@id":"https:\/\/tbirdauto.co\/#organization"},"potentialAction":[{"@type":"SearchAction","target":{"@type":"EntryPoint","urlTemplate":"https:\/\/tbirdauto.co\/?s={search_term_string}"},"query-input":{"@type":"PropertyValueSpecification","valueRequired":true,"valueName":"search_term_string"}}],"inLanguage":"es"},{"@type":"Organization","@id":"https:\/\/tbirdauto.co\/#organization","name":"Thunderbird Auto Repair","url":"https:\/\/tbirdauto.co\/","logo":{"@type":"ImageObject","inLanguage":"es","@id":"https:\/\/tbirdauto.co\/#\/schema\/logo\/image\/","url":"https:\/\/tbirdauto.co\/wp-content\/uploads\/2025\/03\/Thunderbird-Auto-Repair-LLC-\u2022-LOGO-\u2022-PNG-3.png","contentUrl":"https:\/\/tbirdauto.co\/wp-content\/uploads\/2025\/03\/Thunderbird-Auto-Repair-LLC-\u2022-LOGO-\u2022-PNG-3.png","width":2063,"height":676,"caption":"Thunderbird Auto Repair"},"image":{"@id":"https:\/\/tbirdauto.co\/#\/schema\/logo\/image\/"}}]}},"_links":{"self":[{"href":"https:\/\/tbirdauto.co\/es\/wp-json\/wp\/v2\/pages\/3669","targetHints":{"allow":["GET"]}}],"collection":[{"href":"https:\/\/tbirdauto.co\/es\/wp-json\/wp\/v2\/pages"}],"about":[{"href":"https:\/\/tbirdauto.co\/es\/wp-json\/wp\/v2\/types\/page"}],"author":[{"embeddable":true,"href":"https:\/\/tbirdauto.co\/es\/wp-json\/wp\/v2\/users\/1"}],"replies":[{"embeddable":true,"href":"https:\/\/tbirdauto.co\/es\/wp-json\/wp\/v2\/comments?post=3669"}],"version-history":[{"count":0,"href":"https:\/\/tbirdauto.co\/es\/wp-json\/wp\/v2\/pages\/3669\/revisions"}],"wp:attachment":[{"href":"https:\/\/tbirdauto.co\/es\/wp-json\/wp\/v2\/media?parent=3669"}],"curies":[{"name":"wp","href":"https:\/\/api.w.org\/{rel}","templated":true}]}}